{"id":9780,"date":"2025-03-14T15:14:59","date_gmt":"2025-03-14T18:14:59","guid":{"rendered":"https:\/\/kinsol.com.br\/curso-de-instalacao-presencial\/?page_id=9780"},"modified":"2025-03-14T16:03:11","modified_gmt":"2025-03-14T19:03:11","slug":"kinsol-invest","status":"publish","type":"page","link":"https:\/\/kinsol.com.br\/curso-de-instalacao-presencial\/kinsol-invest\/","title":{"rendered":"The News &#8211; Kinsol Invest"},"content":{"rendered":"\t\t<div data-elementor-type=\"wp-page\" data-elementor-id=\"9780\" class=\"elementor elementor-9780\">\n\t\t\t\t\t\t<section class=\"elementor-section elementor-top-section elementor-element elementor-element-61f3224 elementor-section-boxed elementor-section-height-default elementor-section-height-default wd-section-disabled\" data-id=\"61f3224\" data-element_type=\"section\" data-e-type=\"section\" id=\"forrm\" data-settings=\"{&quot;background_background&quot;:&quot;gradient&quot;}\">\n\t\t\t\t\t\t<div class=\"elementor-container elementor-column-gap-default\">\n\t\t\t\t\t<div class=\"elementor-column elementor-col-50 elementor-top-column elementor-element elementor-element-234ea6f\" data-id=\"234ea6f\" data-element_type=\"column\" data-e-type=\"column\">\n\t\t\t<div class=\"elementor-widget-wrap elementor-element-populated\">\n\t\t\t\t\t\t<div class=\"elementor-element elementor-element-6f5ddf1 elementor-widget elementor-widget-image\" data-id=\"6f5ddf1\" data-element_type=\"widget\" data-e-type=\"widget\" data-widget_type=\"image.default\">\n\t\t\t\t<div class=\"elementor-widget-container\">\n\t\t\t\t\t\t\t\t\t\t\t\t\t\t\t<img fetchpriority=\"high\" decoding=\"async\" width=\"1300\" height=\"531\" src=\"https:\/\/kinsol.com.br\/curso-de-instalacao-presencial\/wp-content\/uploads\/sites\/3\/2025\/03\/logo-kinsol-1-scaled-1-1300x531.webp\" class=\"attachment-large size-large wp-image-9769\" alt=\"\" srcset=\"https:\/\/kinsol.com.br\/curso-de-instalacao-presencial\/wp-content\/uploads\/sites\/3\/2025\/03\/logo-kinsol-1-scaled-1-1300x531.webp 1300w, https:\/\/kinsol.com.br\/curso-de-instalacao-presencial\/wp-content\/uploads\/sites\/3\/2025\/03\/logo-kinsol-1-scaled-1-400x163.webp 400w, https:\/\/kinsol.com.br\/curso-de-instalacao-presencial\/wp-content\/uploads\/sites\/3\/2025\/03\/logo-kinsol-1-scaled-1-768x314.webp 768w, https:\/\/kinsol.com.br\/curso-de-instalacao-presencial\/wp-content\/uploads\/sites\/3\/2025\/03\/logo-kinsol-1-scaled-1-1536x627.webp 1536w, https:\/\/kinsol.com.br\/curso-de-instalacao-presencial\/wp-content\/uploads\/sites\/3\/2025\/03\/logo-kinsol-1-scaled-1-2048x836.webp 2048w, https:\/\/kinsol.com.br\/curso-de-instalacao-presencial\/wp-content\/uploads\/sites\/3\/2025\/03\/logo-kinsol-1-scaled-1-860x351.webp 860w, https:\/\/kinsol.com.br\/curso-de-instalacao-presencial\/wp-content\/uploads\/sites\/3\/2025\/03\/logo-kinsol-1-scaled-1-430x176.webp 430w, https:\/\/kinsol.com.br\/curso-de-instalacao-presencial\/wp-content\/uploads\/sites\/3\/2025\/03\/logo-kinsol-1-scaled-1-700x286.webp 700w, https:\/\/kinsol.com.br\/curso-de-instalacao-presencial\/wp-content\/uploads\/sites\/3\/2025\/03\/logo-kinsol-1-scaled-1-150x61.webp 150w\" sizes=\"(max-width: 1300px) 100vw, 1300px\" \/>\t\t\t\t\t\t\t\t\t\t\t\t\t\t\t<\/div>\n\t\t\t\t<\/div>\n\t\t\t\t<div class=\"elementor-element elementor-element-9f84a83 elementor-widget elementor-widget-heading\" data-id=\"9f84a83\" data-element_type=\"widget\" data-e-type=\"widget\" data-widget_type=\"heading.default\">\n\t\t\t\t<div class=\"elementor-widget-container\">\n\t\t\t\t\t<h2 class=\"elementor-heading-title elementor-size-default\">Invista em eletropostos e garanta um rendimento de at\u00e9 23% ao ano na renda fixa<\/h2>\t\t\t\t<\/div>\n\t\t\t\t<\/div>\n\t\t\t\t<div class=\"elementor-element elementor-element-384e743 color-scheme-inherit text-left elementor-widget elementor-widget-text-editor\" data-id=\"384e743\" data-element_type=\"widget\" data-e-type=\"widget\" data-widget_type=\"text-editor.default\">\n\t\t\t\t<div class=\"elementor-widget-container\">\n\t\t\t\t\t\t\t\t\t<p>Garantimos uma renda fixa regulamentada pelo Banco Central com aportes a partir de R$30 mil<\/p><p>Preencha o formul\u00e1rio para entender melhor e garantir uma condi\u00e7\u00e3o exclusiva para assinantes do The News<\/p>\t\t\t\t\t\t\t\t<\/div>\n\t\t\t\t<\/div>\n\t\t\t\t\t<\/div>\n\t\t<\/div>\n\t\t\t\t<div class=\"elementor-column elementor-col-50 elementor-top-column elementor-element elementor-element-b0e8871\" data-id=\"b0e8871\" data-element_type=\"column\" data-e-type=\"column\">\n\t\t\t<div class=\"elementor-widget-wrap elementor-element-populated\">\n\t\t\t\t\t\t<div class=\"elementor-element elementor-element-e9e042a elementor-button-align-stretch elementor-widget elementor-widget-form\" data-id=\"e9e042a\" data-element_type=\"widget\" data-e-type=\"widget\" data-settings=\"{&quot;step_next_label&quot;:&quot;Next&quot;,&quot;step_previous_label&quot;:&quot;Previous&quot;,&quot;button_width&quot;:&quot;100&quot;,&quot;step_type&quot;:&quot;number_text&quot;,&quot;step_icon_shape&quot;:&quot;circle&quot;}\" data-widget_type=\"form.default\">\n\t\t\t\t<div class=\"elementor-widget-container\">\n\t\t\t\t\t\t\t<form class=\"elementor-form\" method=\"post\" name=\"New Form\">\n\t\t\t<input type=\"hidden\" name=\"post_id\" value=\"9780\"\/>\n\t\t\t<input type=\"hidden\" name=\"form_id\" value=\"e9e042a\"\/>\n\t\t\t<input type=\"hidden\" name=\"referer_title\" value=\"Curso de Instala\u00e7\u00e3o Presencial\" \/>\n\n\t\t\t\n\t\t\t<div class=\"elementor-form-fields-wrapper elementor-labels-above\">\n\t\t\t\t\t\t\t\t<div class=\"elementor-field-type-text elementor-field-group elementor-column elementor-field-group-name elementor-col-100\">\n\t\t\t\t\t\t\t\t\t\t\t\t<label for=\"form-field-name\" class=\"elementor-field-label\">\n\t\t\t\t\t\t\t\tQual o seu nome?\t\t\t\t\t\t\t<\/label>\n\t\t\t\t\t\t\t\t\t\t\t\t\t\t<input size=\"1\" type=\"text\" name=\"form_fields[name]\" id=\"form-field-name\" class=\"elementor-field elementor-size-sm  elementor-field-textual\" placeholder=\"Nome completo\">\n\t\t\t\t\t\t\t\t\t\t\t<\/div>\n\t\t\t\t\t\t\t\t<div class=\"elementor-field-type-email elementor-field-group elementor-column elementor-field-group-email elementor-col-100 elementor-field-required\">\n\t\t\t\t\t\t\t\t\t\t\t\t<label for=\"form-field-email\" class=\"elementor-field-label\">\n\t\t\t\t\t\t\t\tQual o seu e-mail?\t\t\t\t\t\t\t<\/label>\n\t\t\t\t\t\t\t\t\t\t\t\t\t\t<input size=\"1\" type=\"email\" name=\"form_fields[email]\" id=\"form-field-email\" class=\"elementor-field elementor-size-sm  elementor-field-textual\" placeholder=\"Email\" required=\"required\" aria-required=\"true\">\n\t\t\t\t\t\t\t\t\t\t\t<\/div>\n\t\t\t\t\t\t\t\t<div class=\"elementor-field-type-tel elementor-field-group elementor-column elementor-field-group-field_c599bcb elementor-col-100\">\n\t\t\t\t\t\t\t\t\t\t\t\t<label for=\"form-field-field_c599bcb\" class=\"elementor-field-label\">\n\t\t\t\t\t\t\t\tQual o seu n\u00famero de WhatsApp?\t\t\t\t\t\t\t<\/label>\n\t\t\t\t\t\t\t\t<input size=\"1\" type=\"tel\" name=\"form_fields[field_c599bcb]\" id=\"form-field-field_c599bcb\" class=\"elementor-field elementor-size-sm  elementor-field-textual\" placeholder=\"(xx) xxxxx-xxxx\" pattern=\"[0-9()#&amp;+*-=.]+\" title=\"Only numbers and phone characters (#, -, *, etc) are accepted.\">\n\n\t\t\t\t\t\t<\/div>\n\t\t\t\t\t\t\t\t<div class=\"elementor-field-group elementor-column elementor-field-type-submit elementor-col-100 e-form__buttons\">\n\t\t\t\t\t<button type=\"submit\" class=\"elementor-button elementor-size-sm\">\n\t\t\t\t\t\t<span >\n\t\t\t\t\t\t\t\t\t\t\t\t\t\t\t<span class=\" elementor-button-icon\">\n\t\t\t\t\t\t\t\t\t\t\t\t\t\t\t\t\t\t\t\t\t\t\t\t\t\t<\/span>\n\t\t\t\t\t\t\t\t\t\t\t\t\t\t\t\t\t\t\t\t\t\t<span class=\"elementor-button-text\">Quero saber mais<\/span>\n\t\t\t\t\t\t\t\t\t\t\t\t\t<\/span>\n\t\t\t\t\t<\/button>\n\t\t\t\t<\/div>\n\t\t\t<\/div>\n\t\t<\/form>\n\t\t\t\t\t\t<\/div>\n\t\t\t\t<\/div>\n\t\t\t\t\t<\/div>\n\t\t<\/div>\n\t\t\t\t\t<\/div>\n\t\t<\/section>\n\t\t\t\t<section class=\"elementor-section elementor-top-section elementor-element elementor-element-8d2f6e0 elementor-section-boxed elementor-section-height-default elementor-section-height-default wd-section-disabled\" data-id=\"8d2f6e0\" data-element_type=\"section\" data-e-type=\"section\">\n\t\t\t\t\t\t<div class=\"elementor-container elementor-column-gap-default\">\n\t\t\t\t\t<div class=\"elementor-column elementor-col-50 elementor-top-column elementor-element elementor-element-a3932c2\" data-id=\"a3932c2\" data-element_type=\"column\" data-e-type=\"column\">\n\t\t\t<div class=\"elementor-widget-wrap elementor-element-populated\">\n\t\t\t\t\t\t<div class=\"elementor-element elementor-element-5b25323 elementor-widget elementor-widget-heading\" data-id=\"5b25323\" data-element_type=\"widget\" data-e-type=\"widget\" data-widget_type=\"heading.default\">\n\t\t\t\t<div class=\"elementor-widget-container\">\n\t\t\t\t\t<h2 class=\"elementor-heading-title elementor-size-default\">O que s\u00e3o eletropostos?<\/h2>\t\t\t\t<\/div>\n\t\t\t\t<\/div>\n\t\t\t\t<div class=\"elementor-element elementor-element-aa7770c color-scheme-inherit text-left elementor-widget elementor-widget-text-editor\" data-id=\"aa7770c\" data-element_type=\"widget\" data-e-type=\"widget\" data-widget_type=\"text-editor.default\">\n\t\t\t\t<div class=\"elementor-widget-container\">\n\t\t\t\t\t\t\t\t\t<p>Os eletropostos s\u00e3o esta\u00e7\u00f5es de recarga para ve\u00edculos el\u00e9tricos, funcionando de forma semelhante aos postos de combust\u00edvel, mas fornecendo eletricidade em vez de gasolina ou diesel.<\/p><p>Podem ser encontrados em rodovias, estacionamentos e \u00e1reas urbanas, oferecendo carregamento r\u00e1pido ou convencional para facilitar a mobilidade sustent\u00e1vel. \ud83d\ude97\u26a1<\/p><p>Com o Kinsol Invest voc\u00ea pode lucrar com eletropostos.<\/p>\t\t\t\t\t\t\t\t<\/div>\n\t\t\t\t<\/div>\n\t\t\t\t<div class=\"elementor-element elementor-element-087af22 elementor-align-left elementor-mobile-align-center elementor-widget elementor-widget-button\" data-id=\"087af22\" data-element_type=\"widget\" data-e-type=\"widget\" data-widget_type=\"button.default\">\n\t\t\t\t<div class=\"elementor-widget-container\">\n\t\t\t\t\t\t\t\t\t<div class=\"elementor-button-wrapper\">\n\t\t\t\t\t<a class=\"elementor-button elementor-button-link elementor-size-sm\" href=\"#form\">\n\t\t\t\t\t\t<span class=\"elementor-button-content-wrapper\">\n\t\t\t\t\t\t\t\t\t<span class=\"elementor-button-text\">Saber mais<\/span>\n\t\t\t\t\t<\/span>\n\t\t\t\t\t<\/a>\n\t\t\t\t<\/div>\n\t\t\t\t\t\t\t\t<\/div>\n\t\t\t\t<\/div>\n\t\t\t\t\t<\/div>\n\t\t<\/div>\n\t\t\t\t<div class=\"elementor-column elementor-col-50 elementor-top-column elementor-element elementor-element-2d4d525\" data-id=\"2d4d525\" data-element_type=\"column\" data-e-type=\"column\">\n\t\t\t<div class=\"elementor-widget-wrap elementor-element-populated\">\n\t\t\t\t\t\t<div class=\"elementor-element elementor-element-eeb2895 elementor-widget elementor-widget-image\" data-id=\"eeb2895\" data-element_type=\"widget\" data-e-type=\"widget\" data-widget_type=\"image.default\">\n\t\t\t\t<div class=\"elementor-widget-container\">\n\t\t\t\t\t\t\t\t\t\t\t\t\t\t\t<img decoding=\"async\" width=\"819\" height=\"800\" src=\"https:\/\/kinsol.com.br\/curso-de-instalacao-presencial\/wp-content\/uploads\/sites\/3\/2025\/03\/group_48095662-scaled-1-819x800.webp\" class=\"attachment-large size-large wp-image-9770\" alt=\"\" srcset=\"https:\/\/kinsol.com.br\/curso-de-instalacao-presencial\/wp-content\/uploads\/sites\/3\/2025\/03\/group_48095662-scaled-1-819x800.webp 819w, https:\/\/kinsol.com.br\/curso-de-instalacao-presencial\/wp-content\/uploads\/sites\/3\/2025\/03\/group_48095662-scaled-1-307x300.webp 307w, https:\/\/kinsol.com.br\/curso-de-instalacao-presencial\/wp-content\/uploads\/sites\/3\/2025\/03\/group_48095662-scaled-1-768x750.webp 768w, https:\/\/kinsol.com.br\/curso-de-instalacao-presencial\/wp-content\/uploads\/sites\/3\/2025\/03\/group_48095662-scaled-1-1536x1501.webp 1536w, https:\/\/kinsol.com.br\/curso-de-instalacao-presencial\/wp-content\/uploads\/sites\/3\/2025\/03\/group_48095662-scaled-1-2048x2001.webp 2048w, https:\/\/kinsol.com.br\/curso-de-instalacao-presencial\/wp-content\/uploads\/sites\/3\/2025\/03\/group_48095662-scaled-1-860x840.webp 860w, https:\/\/kinsol.com.br\/curso-de-instalacao-presencial\/wp-content\/uploads\/sites\/3\/2025\/03\/group_48095662-scaled-1-430x420.webp 430w, https:\/\/kinsol.com.br\/curso-de-instalacao-presencial\/wp-content\/uploads\/sites\/3\/2025\/03\/group_48095662-scaled-1-700x684.webp 700w, https:\/\/kinsol.com.br\/curso-de-instalacao-presencial\/wp-content\/uploads\/sites\/3\/2025\/03\/group_48095662-scaled-1-150x147.webp 150w\" sizes=\"(max-width: 819px) 100vw, 819px\" \/>\t\t\t\t\t\t\t\t\t\t\t\t\t\t\t<\/div>\n\t\t\t\t<\/div>\n\t\t\t\t\t<\/div>\n\t\t<\/div>\n\t\t\t\t\t<\/div>\n\t\t<\/section>\n\t\t\t\t<\/div>\n\t\t","protected":false},"excerpt":{"rendered":"<p>Invista em eletropostos e garanta um rendimento de at\u00e9 23% ao ano na renda fixa Garantimos uma renda fixa regulamentada<\/p>\n","protected":false},"author":14,"featured_media":0,"parent":0,"menu_order":0,"comment_status":"closed","ping_status":"closed","template":"elementor_canvas","meta":{"footnotes":""},"class_list":["post-9780","page","type-page","status-publish","hentry"],"_links":{"self":[{"href":"https:\/\/kinsol.com.br\/curso-de-instalacao-presencial\/wp-json\/wp\/v2\/pages\/9780","targetHints":{"allow":["GET"]}}],"collection":[{"href":"https:\/\/kinsol.com.br\/curso-de-instalacao-presencial\/wp-json\/wp\/v2\/pages"}],"about":[{"href":"https:\/\/kinsol.com.br\/curso-de-instalacao-presencial\/wp-json\/wp\/v2\/types\/page"}],"author":[{"embeddable":true,"href":"https:\/\/kinsol.com.br\/curso-de-instalacao-presencial\/wp-json\/wp\/v2\/users\/14"}],"replies":[{"embeddable":true,"href":"https:\/\/kinsol.com.br\/curso-de-instalacao-presencial\/wp-json\/wp\/v2\/comments?post=9780"}],"version-history":[{"count":31,"href":"https:\/\/kinsol.com.br\/curso-de-instalacao-presencial\/wp-json\/wp\/v2\/pages\/9780\/revisions"}],"predecessor-version":[{"id":9812,"href":"https:\/\/kinsol.com.br\/curso-de-instalacao-presencial\/wp-json\/wp\/v2\/pages\/9780\/revisions\/9812"}],"wp:attachment":[{"href":"https:\/\/kinsol.com.br\/curso-de-instalacao-presencial\/wp-json\/wp\/v2\/media?parent=9780"}],"curies":[{"name":"wp","href":"https:\/\/api.w.org\/{rel}","templated":true}]}}